{"id":286,"date":"2024-06-14T14:34:11","date_gmt":"2024-06-14T17:34:11","guid":{"rendered":"https:\/\/maoamigamg.org.br\/2024\/?page_id=286"},"modified":"2024-06-16T12:29:45","modified_gmt":"2024-06-16T15:29:45","slug":"como-doar","status":"publish","type":"page","link":"https:\/\/maoamigamg.org.br\/2024\/como-doar\/","title":{"rendered":"Como Doar?"},"content":{"rendered":"\t\t<div data-elementor-type=\"wp-page\" data-elementor-id=\"286\" class=\"elementor elementor-286\" data-elementor-post-type=\"page\">\n\t\t\t\t\t\t<section class=\"elementor-section elementor-top-section elementor-element elementor-element-97c429e elementor-section-boxed elementor-section-height-default elementor-section-height-default\" data-id=\"97c429e\" data-element_type=\"section\" data-settings=\"{&quot;background_background&quot;:&quot;classic&quot;}\">\n\t\t\t\t\t\t<div class=\"elementor-container elementor-column-gap-no\">\n\t\t\t\t\t<div class=\"elementor-column elementor-col-100 elementor-top-column elementor-element elementor-element-59dbbaa\" data-id=\"59dbbaa\" data-element_type=\"column\">\n\t\t\t<div class=\"elementor-widget-wrap elementor-element-populated\">\n\t\t\t\t\t\t<div class=\"elementor-element elementor-element-a6dd2ed elementor-widget elementor-widget-heading\" data-id=\"a6dd2ed\" data-element_type=\"widget\" data-widget_type=\"heading.default\">\n\t\t\t\t<div class=\"elementor-widget-container\">\n\t\t\t<style>\/*! elementor - v3.22.0 - 26-06-2024 *\/\n.elementor-heading-title{padding:0;margin:0;line-height:1}.elementor-widget-heading .elementor-heading-title[class*=elementor-size-]>a{color:inherit;font-size:inherit;line-height:inherit}.elementor-widget-heading .elementor-heading-title.elementor-size-small{font-size:15px}.elementor-widget-heading .elementor-heading-title.elementor-size-medium{font-size:19px}.elementor-widget-heading .elementor-heading-title.elementor-size-large{font-size:29px}.elementor-widget-heading .elementor-heading-title.elementor-size-xl{font-size:39px}.elementor-widget-heading .elementor-heading-title.elementor-size-xxl{font-size:59px}<\/style><h2 class=\"elementor-heading-title elementor-size-default\">Como Doar?\n<\/h2>\t\t<\/div>\n\t\t\t\t<\/div>\n\t\t\t\t\t<\/div>\n\t\t<\/div>\n\t\t\t\t\t<\/div>\n\t\t<\/section>\n\t\t\t\t<section class=\"elementor-section elementor-top-section elementor-element elementor-element-5a3e744 elementor-section-content-bottom elementor-section-boxed elementor-section-height-default elementor-section-height-default\" data-id=\"5a3e744\" data-element_type=\"section\" data-settings=\"{&quot;background_background&quot;:&quot;classic&quot;}\">\n\t\t\t\t\t\t<div class=\"elementor-container elementor-column-gap-no\">\n\t\t\t\t\t<div class=\"elementor-column elementor-col-50 elementor-top-column elementor-element elementor-element-56ae2d4 elementor-invisible\" data-id=\"56ae2d4\" data-element_type=\"column\" data-settings=\"{&quot;animation&quot;:&quot;fadeInLeft&quot;}\">\n\t\t\t<div class=\"elementor-widget-wrap elementor-element-populated\">\n\t\t\t\t\t\t<div class=\"elementor-element elementor-element-bf11898 elementor-widget elementor-widget-text-editor\" data-id=\"bf11898\" data-element_type=\"widget\" data-widget_type=\"text-editor.default\">\n\t\t\t\t<div class=\"elementor-widget-container\">\n\t\t\t<style>\/*! elementor - v3.22.0 - 26-06-2024 *\/\n.elementor-widget-text-editor.elementor-drop-cap-view-stacked .elementor-drop-cap{background-color:#69727d;color:#fff}.elementor-widget-text-editor.elementor-drop-cap-view-framed .elementor-drop-cap{color:#69727d;border:3px solid;background-color:transparent}.elementor-widget-text-editor:not(.elementor-drop-cap-view-default) .elementor-drop-cap{margin-top:8px}.elementor-widget-text-editor:not(.elementor-drop-cap-view-default) .elementor-drop-cap-letter{width:1em;height:1em}.elementor-widget-text-editor .elementor-drop-cap{float:left;text-align:center;line-height:1;font-size:50px}.elementor-widget-text-editor .elementor-drop-cap-letter{display:inline-block}<\/style>\t\t\t\t<p>Doar \u00e9 simples e seguro. Existem v\u00e1rias maneiras de contribuir:<\/p><p><strong>Teledoa\u00e7\u00f5es M\u00e3o Amiga<\/strong>: Ligue para <strong>(37) 3322-3291<\/strong> e fale com nossa equipe de telemarketing ativo. Eles est\u00e3o prontos para atender voc\u00ea, esclarecer d\u00favidas e combinar a melhor forma de receber sua doa\u00e7\u00e3o.<br \/><strong>Doa\u00e7\u00e3o via PIX:<\/strong> doe atrav\u00e9s da transa\u00e7\u00e3o via PIX digitando o nosso CNPJ: <strong>08202672000191<\/strong><br \/><strong>Visita \u00e0 Sede:<\/strong> Prefere doar pessoalmente? Visite-nos na Rua Marechal Deodoro, 354, Centro, Formiga\/MG. Nossa equipe estar\u00e1 feliz em receb\u00ea-lo e mostrar como sua doa\u00e7\u00e3o faz a diferen\u00e7a.<br \/>Doa\u00e7\u00e3o Recorrente: Comprometa-se com uma doa\u00e7\u00e3o mensal e ajude-nos a planejar e manter nossas atividades de forma cont\u00ednua e sustent\u00e1vel. Cada valor, por menor que seja, \u00e9 uma grande ajuda.<\/p><p><strong>O que Esperar<\/strong><\/p><p>Ao doar para a Associa\u00e7\u00e3o M\u00e3o Amiga, voc\u00ea:Recebe um Recibo Oficial: Garantindo a transpar\u00eancia e a seriedade da sua contribui\u00e7\u00e3o.<br \/><strong>Faz Parte da Nossa Hist\u00f3ria:<\/strong> Acompanhe nossas atividades e veja o impacto do seu apoio em nossas redes sociais e no site.<br \/><strong>Transforma Vidas:<\/strong> Sua generosidade traz esperan\u00e7a e al\u00edvio para muitas fam\u00edlias.<br \/>Junte-se a N\u00f3s<br \/>Fa\u00e7a parte dessa corrente de solidariedade. Doe agora e ajude a Associa\u00e7\u00e3o M\u00e3o Amiga a continuar oferecendo cuidados essenciais e apoio \u00e0queles que mais precisam. Seu gesto de generosidade pode salvar vidas e trazer esperan\u00e7a a quem enfrenta desafios imensos.<\/p>\t\t\t\t\t\t<\/div>\n\t\t\t\t<\/div>\n\t\t\t\t<div class=\"elementor-element elementor-element-58d6e59 elementor-align-center elementor-widget elementor-widget-button\" data-id=\"58d6e59\" data-element_type=\"widget\" data-widget_type=\"button.default\">\n\t\t\t\t<div class=\"elementor-widget-container\">\n\t\t\t\t\t<div class=\"elementor-button-wrapper\">\n\t\t\t<a class=\"elementor-button elementor-button-link elementor-size-sm\" href=\"#\">\n\t\t\t\t\t\t<span class=\"elementor-button-content-wrapper\">\n\t\t\t\t\t\t\t\t\t<span class=\"elementor-button-text\">Dor Agora<\/span>\n\t\t\t\t\t<\/span>\n\t\t\t\t\t<\/a>\n\t\t<\/div>\n\t\t\t\t<\/div>\n\t\t\t\t<\/div>\n\t\t\t\t\t<\/div>\n\t\t<\/div>\n\t\t\t\t<div class=\"elementor-column elementor-col-50 elementor-top-column elementor-element elementor-element-752bc52\" data-id=\"752bc52\" data-element_type=\"column\">\n\t\t\t<div class=\"elementor-widget-wrap elementor-element-populated\">\n\t\t\t\t\t\t<div class=\"elementor-element elementor-element-fc9467a e-transform elementor-invisible elementor-widget elementor-widget-image\" data-id=\"fc9467a\" data-element_type=\"widget\" data-settings=\"{&quot;_animation&quot;:&quot;fadeInRight&quot;,&quot;_transform_translateX_effect&quot;:{&quot;unit&quot;:&quot;px&quot;,&quot;size&quot;:37,&quot;sizes&quot;:[]},&quot;_transform_translateY_effect&quot;:{&quot;unit&quot;:&quot;px&quot;,&quot;size&quot;:-49,&quot;sizes&quot;:[]},&quot;_transform_translateX_effect_tablet&quot;:{&quot;unit&quot;:&quot;px&quot;,&quot;size&quot;:&quot;&quot;,&quot;sizes&quot;:[]},&quot;_transform_translateX_effect_mobile&quot;:{&quot;unit&quot;:&quot;px&quot;,&quot;size&quot;:&quot;&quot;,&quot;sizes&quot;:[]},&quot;_transform_translateY_effect_tablet&quot;:{&quot;unit&quot;:&quot;px&quot;,&quot;size&quot;:&quot;&quot;,&quot;sizes&quot;:[]},&quot;_transform_translateY_effect_mobile&quot;:{&quot;unit&quot;:&quot;px&quot;,&quot;size&quot;:&quot;&quot;,&quot;sizes&quot;:[]}}\" data-widget_type=\"image.default\">\n\t\t\t\t<div class=\"elementor-widget-container\">\n\t\t\t<style>\/*! elementor - v3.22.0 - 26-06-2024 *\/\n.elementor-widget-image{text-align:center}.elementor-widget-image a{display:inline-block}.elementor-widget-image a img[src$=\".svg\"]{width:48px}.elementor-widget-image img{vertical-align:middle;display:inline-block}<\/style>\t\t\t\t\t\t\t\t\t\t<img fetchpriority=\"high\" decoding=\"async\" width=\"692\" height=\"679\" src=\"https:\/\/maoamigamg.org.br\/2024\/wp-content\/uploads\/2024\/05\/ea172308-service-image.png\" class=\"attachment-full size-full wp-image-73\" alt=\"\" srcset=\"https:\/\/maoamigamg.org.br\/2024\/wp-content\/uploads\/2024\/05\/ea172308-service-image.png 692w, https:\/\/maoamigamg.org.br\/2024\/wp-content\/uploads\/2024\/05\/ea172308-service-image-300x294.png 300w\" sizes=\"(max-width: 692px) 100vw, 692px\" \/>\t\t\t\t\t\t\t\t\t\t\t\t\t<\/div>\n\t\t\t\t<\/div>\n\t\t\t\t\t<\/div>\n\t\t<\/div>\n\t\t\t\t\t<\/div>\n\t\t<\/section>\n\t\t\t\t<\/div>\n\t\t","protected":false},"excerpt":{"rendered":"<p>Como Doar? Doar \u00e9 simples e seguro. Existem v\u00e1rias maneiras de contribuir: Teledoa\u00e7\u00f5es M\u00e3o Amiga: Ligue para (37) 3322-3291 e fale com nossa equipe de telemarketing ativo. Eles est\u00e3o prontos para atender voc\u00ea, esclarecer d\u00favidas e combinar a melhor forma de receber sua doa\u00e7\u00e3o.Doa\u00e7\u00e3o via PIX: doe atrav\u00e9s da transa\u00e7\u00e3o via PIX digitando o nosso [&hellip;]<\/p>\n","protected":false},"author":1,"featured_media":0,"parent":0,"menu_order":0,"comment_status":"closed","ping_status":"closed","template":"elementor_header_footer","meta":{"_eb_attr":"","footnotes":""},"_links":{"self":[{"href":"https:\/\/maoamigamg.org.br\/2024\/wp-json\/wp\/v2\/pages\/286"}],"collection":[{"href":"https:\/\/maoamigamg.org.br\/2024\/wp-json\/wp\/v2\/pages"}],"about":[{"href":"https:\/\/maoamigamg.org.br\/2024\/wp-json\/wp\/v2\/types\/page"}],"author":[{"embeddable":true,"href":"https:\/\/maoamigamg.org.br\/2024\/wp-json\/wp\/v2\/users\/1"}],"replies":[{"embeddable":true,"href":"https:\/\/maoamigamg.org.br\/2024\/wp-json\/wp\/v2\/comments?post=286"}],"version-history":[{"count":27,"href":"https:\/\/maoamigamg.org.br\/2024\/wp-json\/wp\/v2\/pages\/286\/revisions"}],"predecessor-version":[{"id":451,"href":"https:\/\/maoamigamg.org.br\/2024\/wp-json\/wp\/v2\/pages\/286\/revisions\/451"}],"wp:attachment":[{"href":"https:\/\/maoamigamg.org.br\/2024\/wp-json\/wp\/v2\/media?parent=286"}],"curies":[{"name":"wp","href":"https:\/\/api.w.org\/{rel}","templated":true}]}}