{"id":435,"date":"2024-06-16T12:18:13","date_gmt":"2024-06-16T15:18:13","guid":{"rendered":"https:\/\/maoamigamg.org.br\/2024\/?page_id=435"},"modified":"2024-06-16T12:26:42","modified_gmt":"2024-06-16T15:26:42","slug":"brecho-mao-amiga","status":"publish","type":"page","link":"https:\/\/maoamigamg.org.br\/2024\/brecho-mao-amiga\/","title":{"rendered":"Brech\u00f3 M\u00e3o Amiga"},"content":{"rendered":"\t\t<div data-elementor-type=\"wp-page\" data-elementor-id=\"435\" class=\"elementor elementor-435\" data-elementor-post-type=\"page\">\n\t\t\t\t\t\t<section class=\"elementor-section elementor-top-section elementor-element elementor-element-97c429e elementor-section-boxed elementor-section-height-default elementor-section-height-default\" data-id=\"97c429e\" data-element_type=\"section\" data-settings=\"{&quot;background_background&quot;:&quot;classic&quot;}\">\n\t\t\t\t\t\t<div class=\"elementor-container elementor-column-gap-no\">\n\t\t\t\t\t<div class=\"elementor-column elementor-col-100 elementor-top-column elementor-element elementor-element-59dbbaa\" data-id=\"59dbbaa\" data-element_type=\"column\">\n\t\t\t<div class=\"elementor-widget-wrap elementor-element-populated\">\n\t\t\t\t\t\t<div class=\"elementor-element elementor-element-a6dd2ed elementor-widget elementor-widget-heading\" data-id=\"a6dd2ed\" data-element_type=\"widget\" data-widget_type=\"heading.default\">\n\t\t\t\t<div class=\"elementor-widget-container\">\n\t\t\t<style>\/*! elementor - v3.22.0 - 26-06-2024 *\/\n.elementor-heading-title{padding:0;margin:0;line-height:1}.elementor-widget-heading .elementor-heading-title[class*=elementor-size-]>a{color:inherit;font-size:inherit;line-height:inherit}.elementor-widget-heading .elementor-heading-title.elementor-size-small{font-size:15px}.elementor-widget-heading .elementor-heading-title.elementor-size-medium{font-size:19px}.elementor-widget-heading .elementor-heading-title.elementor-size-large{font-size:29px}.elementor-widget-heading .elementor-heading-title.elementor-size-xl{font-size:39px}.elementor-widget-heading .elementor-heading-title.elementor-size-xxl{font-size:59px}<\/style><h2 class=\"elementor-heading-title elementor-size-default\">Brech\u00f3 M\u00e3o Amiga<\/h2>\t\t<\/div>\n\t\t\t\t<\/div>\n\t\t\t\t\t<\/div>\n\t\t<\/div>\n\t\t\t\t\t<\/div>\n\t\t<\/section>\n\t\t\t\t<section class=\"elementor-section elementor-top-section elementor-element elementor-element-5a3e744 elementor-section-content-bottom elementor-section-boxed elementor-section-height-default elementor-section-height-default\" data-id=\"5a3e744\" data-element_type=\"section\" data-settings=\"{&quot;background_background&quot;:&quot;classic&quot;}\">\n\t\t\t\t\t\t<div class=\"elementor-container elementor-column-gap-no\">\n\t\t\t\t\t<div class=\"elementor-column elementor-col-50 elementor-top-column elementor-element elementor-element-56ae2d4 elementor-invisible\" data-id=\"56ae2d4\" data-element_type=\"column\" data-settings=\"{&quot;animation&quot;:&quot;fadeInLeft&quot;}\">\n\t\t\t<div class=\"elementor-widget-wrap elementor-element-populated\">\n\t\t\t\t\t\t<div class=\"elementor-element elementor-element-bf11898 elementor-widget elementor-widget-text-editor\" data-id=\"bf11898\" data-element_type=\"widget\" data-widget_type=\"text-editor.default\">\n\t\t\t\t<div class=\"elementor-widget-container\">\n\t\t\t<style>\/*! elementor - v3.22.0 - 26-06-2024 *\/\n.elementor-widget-text-editor.elementor-drop-cap-view-stacked .elementor-drop-cap{background-color:#69727d;color:#fff}.elementor-widget-text-editor.elementor-drop-cap-view-framed .elementor-drop-cap{color:#69727d;border:3px solid;background-color:transparent}.elementor-widget-text-editor:not(.elementor-drop-cap-view-default) .elementor-drop-cap{margin-top:8px}.elementor-widget-text-editor:not(.elementor-drop-cap-view-default) .elementor-drop-cap-letter{width:1em;height:1em}.elementor-widget-text-editor .elementor-drop-cap{float:left;text-align:center;line-height:1;font-size:50px}.elementor-widget-text-editor .elementor-drop-cap-letter{display:inline-block}<\/style>\t\t\t\t<p>O <strong>Brech\u00f3 M\u00e3o Amiga<\/strong> \u00e9 um espa\u00e7o especial onde solidariedade e sustentabilidade se encontram. Aqui, voc\u00ea pode encontrar roupas de qualidade, tecidos diversos, panos de prato e artesanatos \u00fanicos, todos feitos com carinho pelas nossas dedicadas volunt\u00e1rias.<\/p><p><strong>O Que Oferecemos<\/strong><\/p><p><strong>Roupas de Qualidade:<\/strong> Uma grande variedade de pe\u00e7as, desde roupas casuais a trajes mais sofisticados, todas em excelente estado e a pre\u00e7os acess\u00edveis.<\/p><p><strong>Tecidos Diversos:<\/strong>Se voc\u00ea gosta de costurar ou precisa de tecidos para algum projeto especial, temos uma sele\u00e7\u00e3o diversificada de tecidos a pre\u00e7os muito acess\u00edveis.<br \/>Panos de Prato e Artesanatos: Nossas talentosas volunt\u00e1rias produzem lindos panos de prato e outros itens artesanais. Cada pe\u00e7a \u00e9 \u00fanica e feita \u00e0 m\u00e3o, ideal para presentear ou decorar sua casa.<br \/>Por Que Comprar no Brech\u00f3 M\u00e3o Amiga?<\/p><p><strong>Economia Solid\u00e1ria:<\/strong> Ao comprar no nosso brech\u00f3, voc\u00ea economiza e ainda contribui diretamente para a continuidade dos projetos da Associa\u00e7\u00e3o M\u00e3o Amiga.<br \/>Sustentabilidade: Reutilizar roupas e tecidos contribui para a redu\u00e7\u00e3o de res\u00edduos e promove um consumo mais consciente e sustent\u00e1vel.<br \/>Apoio \u00e0 Comunidade: Toda a renda obtida no brech\u00f3 \u00e9 revertida para as atividades da M\u00e3o Amiga, ajudando a financiar tratamentos, transportes, apoio psicol\u00f3gico e muito mais.<\/p><p><strong>Como Participar<\/strong><\/p><p><br \/><strong>Visite-nos:<\/strong> O brech\u00f3 est\u00e1 localizado na sede da Associa\u00e7\u00e3o M\u00e3o Amiga, na Rua Marechal Deodoro, 354, Centro, Formiga\/MG. Venha nos visitar e conferir todas as op\u00e7\u00f5es dispon\u00edveis.<br \/>Doe Roupas e Materiais: Se voc\u00ea tem roupas, tecidos ou materiais que n\u00e3o usa mais, considere do\u00e1-los ao nosso brech\u00f3. Suas doa\u00e7\u00f5es ajudam a manter o ciclo de solidariedade.<\/p><p><strong>Divulgue e Participe:<\/strong> Compartilhe com amigos e familiares sobre o brech\u00f3 M\u00e3o Amiga. Sua divulga\u00e7\u00e3o ajuda a atrair mais pessoas e aumentar o impacto positivo na comunidade.<\/p>\t\t\t\t\t\t<\/div>\n\t\t\t\t<\/div>\n\t\t\t\t<div class=\"elementor-element elementor-element-58d6e59 elementor-align-center elementor-widget elementor-widget-button\" data-id=\"58d6e59\" data-element_type=\"widget\" data-widget_type=\"button.default\">\n\t\t\t\t<div class=\"elementor-widget-container\">\n\t\t\t\t\t<div class=\"elementor-button-wrapper\">\n\t\t\t<a class=\"elementor-button elementor-button-link elementor-size-sm\" href=\"#\">\n\t\t\t\t\t\t<span class=\"elementor-button-content-wrapper\">\n\t\t\t\t\t\t\t\t\t<span class=\"elementor-button-text\">Dor Agora<\/span>\n\t\t\t\t\t<\/span>\n\t\t\t\t\t<\/a>\n\t\t<\/div>\n\t\t\t\t<\/div>\n\t\t\t\t<\/div>\n\t\t\t\t\t<\/div>\n\t\t<\/div>\n\t\t\t\t<div class=\"elementor-column elementor-col-50 elementor-top-column elementor-element elementor-element-752bc52\" data-id=\"752bc52\" data-element_type=\"column\">\n\t\t\t<div class=\"elementor-widget-wrap elementor-element-populated\">\n\t\t\t\t\t\t<div class=\"elementor-element elementor-element-fc9467a e-transform elementor-invisible elementor-widget elementor-widget-image\" data-id=\"fc9467a\" data-element_type=\"widget\" data-settings=\"{&quot;_animation&quot;:&quot;fadeInRight&quot;,&quot;_transform_translateX_effect&quot;:{&quot;unit&quot;:&quot;px&quot;,&quot;size&quot;:49,&quot;sizes&quot;:[]},&quot;_transform_translateY_effect&quot;:{&quot;unit&quot;:&quot;px&quot;,&quot;size&quot;:-537,&quot;sizes&quot;:[]},&quot;_transform_translateX_effect_tablet&quot;:{&quot;unit&quot;:&quot;px&quot;,&quot;size&quot;:&quot;&quot;,&quot;sizes&quot;:[]},&quot;_transform_translateX_effect_mobile&quot;:{&quot;unit&quot;:&quot;px&quot;,&quot;size&quot;:&quot;&quot;,&quot;sizes&quot;:[]},&quot;_transform_translateY_effect_tablet&quot;:{&quot;unit&quot;:&quot;px&quot;,&quot;size&quot;:&quot;&quot;,&quot;sizes&quot;:[]},&quot;_transform_translateY_effect_mobile&quot;:{&quot;unit&quot;:&quot;px&quot;,&quot;size&quot;:&quot;&quot;,&quot;sizes&quot;:[]}}\" data-widget_type=\"image.default\">\n\t\t\t\t<div class=\"elementor-widget-container\">\n\t\t\t<style>\/*! elementor - v3.22.0 - 26-06-2024 *\/\n.elementor-widget-image{text-align:center}.elementor-widget-image a{display:inline-block}.elementor-widget-image a img[src$=\".svg\"]{width:48px}.elementor-widget-image img{vertical-align:middle;display:inline-block}<\/style>\t\t\t\t\t\t\t\t\t\t<img fetchpriority=\"high\" decoding=\"async\" width=\"417\" height=\"419\" src=\"https:\/\/maoamigamg.org.br\/2024\/wp-content\/uploads\/2024\/06\/a-1.png\" class=\"attachment-full size-full wp-image-437\" alt=\"\" srcset=\"https:\/\/maoamigamg.org.br\/2024\/wp-content\/uploads\/2024\/06\/a-1.png 417w, https:\/\/maoamigamg.org.br\/2024\/wp-content\/uploads\/2024\/06\/a-1-300x300.png 300w, https:\/\/maoamigamg.org.br\/2024\/wp-content\/uploads\/2024\/06\/a-1-150x150.png 150w\" sizes=\"(max-width: 417px) 100vw, 417px\" \/>\t\t\t\t\t\t\t\t\t\t\t\t\t<\/div>\n\t\t\t\t<\/div>\n\t\t\t\t\t<\/div>\n\t\t<\/div>\n\t\t\t\t\t<\/div>\n\t\t<\/section>\n\t\t\t\t<\/div>\n\t\t","protected":false},"excerpt":{"rendered":"<p>Brech\u00f3 M\u00e3o Amiga O Brech\u00f3 M\u00e3o Amiga \u00e9 um espa\u00e7o especial onde solidariedade e sustentabilidade se encontram. Aqui, voc\u00ea pode encontrar roupas de qualidade, tecidos diversos, panos de prato e artesanatos \u00fanicos, todos feitos com carinho pelas nossas dedicadas volunt\u00e1rias. O Que Oferecemos Roupas de Qualidade: Uma grande variedade de pe\u00e7as, desde roupas casuais a [&hellip;]<\/p>\n","protected":false},"author":1,"featured_media":0,"parent":0,"menu_order":0,"comment_status":"closed","ping_status":"closed","template":"elementor_header_footer","meta":{"_eb_attr":"","footnotes":""},"_links":{"self":[{"href":"https:\/\/maoamigamg.org.br\/2024\/wp-json\/wp\/v2\/pages\/435"}],"collection":[{"href":"https:\/\/maoamigamg.org.br\/2024\/wp-json\/wp\/v2\/pages"}],"about":[{"href":"https:\/\/maoamigamg.org.br\/2024\/wp-json\/wp\/v2\/types\/page"}],"author":[{"embeddable":true,"href":"https:\/\/maoamigamg.org.br\/2024\/wp-json\/wp\/v2\/users\/1"}],"replies":[{"embeddable":true,"href":"https:\/\/maoamigamg.org.br\/2024\/wp-json\/wp\/v2\/comments?post=435"}],"version-history":[{"count":7,"href":"https:\/\/maoamigamg.org.br\/2024\/wp-json\/wp\/v2\/pages\/435\/revisions"}],"predecessor-version":[{"id":445,"href":"https:\/\/maoamigamg.org.br\/2024\/wp-json\/wp\/v2\/pages\/435\/revisions\/445"}],"wp:attachment":[{"href":"https:\/\/maoamigamg.org.br\/2024\/wp-json\/wp\/v2\/media?parent=435"}],"curies":[{"name":"wp","href":"https:\/\/api.w.org\/{rel}","templated":true}]}}